{"id":1676,"date":"2025-04-24T09:19:29","date_gmt":"2025-04-24T09:19:29","guid":{"rendered":"https:\/\/www.preprod-yousg3q-5d34oe3zvz3v6.fr-4.platformsh.site\/homepage-fr\/"},"modified":"2026-02-17T15:35:37","modified_gmt":"2026-02-17T15:35:37","slug":"homepage-fr","status":"publish","type":"page","link":"https:\/\/www.keplerunigestion.com\/fr\/","title":{"rendered":"Homepage FR"},"content":{"rendered":"\n\t<section class=\"hero-hp \" id=\"block_c75c917667e3f06de5d0e64c81040785\">\n\t\t<div class=\"hero-hp-inner grid-md\">\n\t\t\t<h1 class=\"hero-hp-title display title-underline\" data-observer=\"appear\"><strong>Mind<\/strong> &amp; <strong>Machine<\/strong><\/h1>\n\t\t\t<p class=\"hero-hp-content body-lg\" data-observer=\"appear\">\n\t\t\t\tUn partenariat strat\u00e9gique entre Kepler Cheuvreux et Unigestion, alliant intelligence artificielle avanc\u00e9e et expertise humaine, afin de d\u00e9velopper un acteur de r\u00e9f\u00e9rence incontournable sur le march\u00e9 de la gestion d&rsquo;actifs liquides. \n\t\t\t<\/p>\n\t\t<\/div>\n\t\t<figure class=\"hero-hp-background\">\n\t\t\t<img decoding=\"async\" class=\"hero-hp-img img sm-min\" src=\"https:\/\/www.keplerunigestion.com\/app\/uploads\/2025\/06\/V4-1920x1327.png\" srcset=\"https:\/\/www.keplerunigestion.com\/app\/uploads\/2025\/06\/V4-1920x1327.png 1920w, https:\/\/www.keplerunigestion.com\/app\/uploads\/2025\/06\/V4-300x207.png 300w, https:\/\/www.keplerunigestion.com\/app\/uploads\/2025\/06\/V4-1024x707.png 1024w, https:\/\/www.keplerunigestion.com\/app\/uploads\/2025\/06\/V4-768x531.png 768w, https:\/\/www.keplerunigestion.com\/app\/uploads\/2025\/06\/V4-1536x1061.png 1536w, https:\/\/www.keplerunigestion.com\/app\/uploads\/2025\/06\/V4-2048x1415.png 2048w, https:\/\/www.keplerunigestion.com\/app\/uploads\/2025\/06\/V4-960x663.png 960w\" sizes=\"(max-width: 1920px) 100vw, 1920px\" alt=\"kepler unigestion\">\n\t\t\t<img decoding=\"async\" class=\"hero-hp-img img sm-max\" src=\"https:\/\/www.keplerunigestion.com\/app\/uploads\/2025\/06\/hero-mobile.png\" srcset=\"https:\/\/www.keplerunigestion.com\/app\/uploads\/2025\/06\/hero-mobile.png 750w, https:\/\/www.keplerunigestion.com\/app\/uploads\/2025\/06\/hero-mobile-141x300.png 141w, https:\/\/www.keplerunigestion.com\/app\/uploads\/2025\/06\/hero-mobile-480x1024.png 480w, https:\/\/www.keplerunigestion.com\/app\/uploads\/2025\/06\/hero-mobile-720x1536.png 720w\" sizes=\"(max-width: 750px) 100vw, 750px\" alt=\"\">\n\t\t<\/figure>\n\t<\/section>\n\n\n\n\n                        \n\t<section class=\"about \">\n\t\t<div class=\"about-inner grid-md\">\n\t\t\t<div class=\"about-section\" id=\"who-we-are\">\n\t\t\t\t<div class=\"about-head\">\n\t\t\t\t\t<h2 class=\"about-title title-underline\" data-observer=\"appear\">\n\t\t\t\t\t\tQui nous sommes\n\t\t\t\t\t<\/h2>\n\t\t\t\t\t<p class=\"body-xl\" data-observer=\"appear\">Cr\u00e9\u00e9 en 2025, Kepler Unigestion est issu d\u2019un partenariat strat\u00e9gique entre Kepler Cheuvreux et Unigestion. <\/p>\n\t\t\t\t<\/div>\n\t\t\t\t<div class=\"about-content\" data-observer=\"appear\">\n                    \t\t\t\t\t    <div class=\"body richtext\"><p>Fruit d\u2019une compl\u00e9mentarit\u00e9 unique, la soci\u00e9t\u00e9 r\u00e9unit plus de 30 ans d\u2019exp\u00e9rience d\u2019Unigestion dans la gestion active et quantitative des portefeuilles, int\u00e9grant intelligence artificielle avanc\u00e9e et expertise humaine, ainsi que la plateforme de recherche et de distribution mondiale de Kepler Cheuvreux. Avec environ 3 milliards d\u2019euros d\u2019encours sous gestion, Kepler Unigestion marque une \u00e9tape majeure dans l\u2019ambition commune des deux groupes\u202f: b\u00e2tir un acteur de r\u00e9f\u00e9rence sur le march\u00e9 de la gestion d\u2019actifs liquides.<\/p>\n<p>La soci\u00e9t\u00e9 repose sur des bases solides\u202f: une pr\u00e9sence historique sur les march\u00e9s actions, une expertise institutionnelle de long terme, un ancrage multi-local durable, et un esprit entrepreneurial tourn\u00e9 vers l\u2019innovation.<\/p>\n<p>Kepler Unigestion offre ainsi une combinaison unique d\u2019innovation et de port\u00e9e mondiale, g\u00e9n\u00e9rant de la valeur pour nos clients existants et futurs.<\/p>\n<p><strong>Derni\u00e8re actualit\u00e9: Kepler Unigestion, a annonc\u00e9, en collaboration avec Euronext, le lancement de l\u2019indice Euronext Kepler Unigestion Global Equities Long Short. <\/strong><\/p>\n<\/div>\n                    \t\t\t\t\t\t\t\t\t\t\n\t\t<a\n\t\tclass=\"btn btn-light\" href=\"https:\/\/www.keplerunigestion.com\/app\/uploads\/2025\/10\/CP_Partenariat-entre-Euronext-et-Kepler-Unigestion_FR.pdf\"   target=_blank rel=noopener>\n\t\t\t\t\n\t\t\t\tEn savoir plus\n\n\t\t\t\t\t\t\t\t\t\t<span style=\"--i-w:16px; --i-h:16px;\" class=\"icon icon-arrow-right \">\n\t\t<svg>\n\t\t\t<use xlink:href=\"\/app\/themes\/kepler-unigestion\/public\/assets\/svg\/icons.svg#arrow-right\"><\/use>\n\t\t<\/svg>\n\t<\/span>\n\n\t\t\n\t<\/a>\n\n\t\n\t\t\t\t<\/div>\n\t\t\t<\/div>\n\t\t\t<h2 class=\"about-title title-underline\" id=\"what-we-do\" data-observer=\"appear\">\n\t\t\t\tCe que nous faisons\n\t\t\t<\/h2>\n\t\t\t<div class=\"about-section\">\n\t\t\t\t\t\t\t\t\t<div class=\"about-column\" data-observer=\"appear\">\n\t\t\t\t\t\t<h3 class=\"h4 about-subtitle\">\n                            \t\t\t\t\t\t\t<img decoding=\"async\" class=\"about-picto\" src=\"https:\/\/www.keplerunigestion.com\/app\/uploads\/2025\/04\/picto-shield.svg\" alt=\"\">\n\t\t\t\t\t\t\tActions d\u00e9fensives\n\t\t\t\t\t\t<\/h3>\n                        \t\t\t\t\t\t    <div class=\"body richtext\"><p>Nous d\u00e9veloppons des strat\u00e9gies actions r\u00e9silientes, orient\u00e9es vers la ma\u00eetrise du risque, et pens\u00e9es pour les investisseurs privil\u00e9giant la protection du capital dans des march\u00e9s volatils, tout en recherchant des performances stables et durables.<\/p>\n<p>Notre philosophie repose sur une approche structur\u00e9e, ancr\u00e9e dans des fondamentaux solides, une construction de portefeuille efficiente et un pilotage du risque appuy\u00e9 par l\u2019intelligence artificielle.<\/p>\n<p>Cette gestion \u00e0 360\u00b0 permet de construire des portefeuilles diversifi\u00e9s et de qualit\u00e9, centr\u00e9s sur des titres d\u00e9fensifs aux fondamentaux robustes et aux valorisations attractives. Nous suivons en continu les indicateurs macro\u00e9conomiques, la volatilit\u00e9 et les risques sectoriels afin d\u2019ajuster proactivement l\u2019exposition lorsque n\u00e9cessaire.<\/p>\n<p>Notre \u00e9quipe combine mod\u00e8les quantitatifs et analyses qualitatives afin de rester align\u00e9e avec les conditions de march\u00e9 et les objectifs des clients, tout en \u00e9vitant les concentrations excessives ou les d\u00e9rives de style.<\/p>\n<\/div>\n                        \t\t\t\t\t<\/div>\n\t\t\t\t\t\t\t\t\t<div class=\"about-column\" data-observer=\"appear\">\n\t\t\t\t\t\t<h3 class=\"h4 about-subtitle\">\n                            \t\t\t\t\t\t\t<img decoding=\"async\" class=\"about-picto\" src=\"https:\/\/www.keplerunigestion.com\/app\/uploads\/2025\/04\/picto-brainlink.svg\" alt=\"\">\n\t\t\t\t\t\t\tActions Core AI\n\t\t\t\t\t\t<\/h3>\n                        \t\t\t\t\t\t    <div class=\"body richtext\"><p>Nos portefeuilles Core AI s\u2019appuient sur notre expertise avanc\u00e9e en machine-learning pour optimiser la s\u00e9lection des titres et offrir une diversification accrue \u00e0 des investisseurs en recherche de surperformance tout en gardant une certaine constance.<\/p>\n<p>L\u2019IA analyse d\u2019importants volumes de donn\u00e9es, identifie des sch\u00e9mas critiques et int\u00e8gre des facteurs macro\u00e9conomiques souvent invisibles \u00e0 l\u2019\u0153il nu. \u00c0 partir de ces analyses, nous g\u00e9n\u00e9rons des scores pour chaque titre et \u00e9laborons des portefeuilles mod\u00e8les con\u00e7us pour maximiser la performance future, tout en int\u00e9grant des primes de style d\u00e9finies par l\u2019IA.<\/p>\n<p>Cependant, l\u2019intervention humaine demeure centrale\u202f: notre \u00e9quipe assure un suivi r\u00e9gulier des positions, surveille l\u2019actualit\u00e9, la liquidit\u00e9, les concentrations, et intervient de mani\u00e8re discr\u00e9tionnaire lorsque n\u00e9cessaire, garantissant la robustesse des portefeuilles et la coh\u00e9rence avec les principes d\u2019investissement fondamentaux.<\/p>\n<\/div>\n                        \t\t\t\t\t<\/div>\n\t\t\t\t\t\t\t<\/div>\n\t\t<\/div>\n\t<\/section>\n\n\n\n\n        \n\t<section class=\"investment spacing-xl \" id=\"block_da1074fbbb3a41e9100a9d6b0277e299\">\n\t\t<div class=\"investment-inner grid-md\">\n\t\t\t<h2 class=\"title-underline\" data-observer=\"appear\">Notre approche d\u2019investissement<\/h2>\n\t\t\t<p class=\"body-lg spacing-sm\" data-observer=\"appear\">Nous construisons des portefeuilles r\u00e9silients et flexibles, guid\u00e9s par quatre piliers\u202f:<\/p>\n\t\t\t<ul class=\"investment-items\">\n\t\t\t\t\t\t\t\t\t<li class=\"investment-item\" data-observer=\"appear\">\n                        \t\t\t\t\t\t<img decoding=\"async\" class=\"investment-item-picto\" src=\"https:\/\/www.keplerunigestion.com\/app\/uploads\/2025\/05\/mindandmachine.png\" alt=\"\">\n\t\t\t\t\t\t<div class=\"investment-item-content\">\n\t\t\t\t\t\t\t<h3 class=\"h4\">Mind &#038; Machine<\/h3>\n\t\t\t\t\t\t\t<p class=\"body\">combiner la vision humaine et les technologies avanc\u00e9es pour capturer l\u2019ensemble des sources de rendement et de risque<\/p>\n\t\t\t\t\t\t<\/div>\n\t\t\t\t\t<\/li>\n\t\t\t\t\t\t\t\t\t<li class=\"investment-item\" data-observer=\"appear\">\n                        \t\t\t\t\t\t<img decoding=\"async\" class=\"investment-item-picto\" src=\"https:\/\/www.keplerunigestion.com\/app\/uploads\/2025\/05\/marketing.png\" alt=\"\">\n\t\t\t\t\t\t<div class=\"investment-item-content\">\n\t\t\t\t\t\t\t<h3 class=\"h4\">Vision de march\u00e9 et discipline<\/h3>\n\t\t\t\t\t\t\t<p class=\"body\">s\u2019appuyer sur une compr\u00e9hension approfondie des facteurs de risque de march\u00e9 via un processus rigoureux, reproductible et transparent.<\/p>\n\t\t\t\t\t\t<\/div>\n\t\t\t\t\t<\/li>\n\t\t\t\t\t\t\t\t\t<li class=\"investment-item\" data-observer=\"appear\">\n                        \t\t\t\t\t\t<img decoding=\"async\" class=\"investment-item-picto\" src=\"https:\/\/www.keplerunigestion.com\/app\/uploads\/2025\/05\/dynamicstrat.png\" alt=\"\">\n\t\t\t\t\t\t<div class=\"investment-item-content\">\n\t\t\t\t\t\t\t<h3 class=\"h4\">Ajustements dynamiques<\/h3>\n\t\t\t\t\t\t\t<p class=\"body\">affiner les allocations en fonction des signaux macro\u00e9conomiques, des indicateurs de sentiment et des niveaux de valorisation.<\/p>\n\t\t\t\t\t\t<\/div>\n\t\t\t\t\t<\/li>\n\t\t\t\t\t\t\t\t\t<li class=\"investment-item\" data-observer=\"appear\">\n                        \t\t\t\t\t\t<img decoding=\"async\" class=\"investment-item-picto\" src=\"https:\/\/www.keplerunigestion.com\/app\/uploads\/2025\/05\/esg.png\" alt=\"\">\n\t\t\t\t\t\t<div class=\"investment-item-content\">\n\t\t\t\t\t\t\t<h3 class=\"h4\">Int\u00e9gration ESG et engagement<\/h3>\n\t\t\t\t\t\t\t<p class=\"body\">int\u00e9grer les crit\u00e8res environnementaux, sociaux et de gouvernance d\u00e8s la conception des portefeuilles tout en menant un dialogue actif avec les entreprises.<\/p>\n\t\t\t\t\t\t<\/div>\n\t\t\t\t\t<\/li>\n\t\t\t\t\t\t\t<\/ul>\n\n\t\t\t<h2 class=\"investment-title title-underline\" data-observer=\"appear\">Pourquoi Kepler Unigestion<\/h2>\n\t\t\t<p class=\"body-lg spacing-sm\" data-observer=\"appear\">Nous combinons intelligence artificielle, recherche fondamentale approfondie, perspectives globales ancr\u00e9es localement et gestion du risque rigoureuse. Cela nous permet d\u2019accompagner nos investisseurs dans des d\u00e9cisions d\u2019investissement \u00e9clair\u00e9es et une construction de portefeuilles solide, en ligne avec leurs objectifs.<\/p>\n\t\t\t<ul class=\"investment-cards\">\n\t\t\t\t\t\t\t\t\t<li class=\"investment-card\" data-observer=\"appear\">\n\t\t\t\t\t\t<h3 class=\"h5\">Intelligence artificielle<\/h3>\n\t\t\t\t\t\t<div class=\"body-xs richtext\"><p>Le processus d\u2019investissement de Kepler Unigestion va au-del\u00e0 de l\u2019application traditionnelle de mod\u00e8les quantitatifs fond\u00e9s sur des statistiques historiques.<\/p>\n<p><strong>Nous avons con\u00e7u des algorithmes capables d\u2019identifier des sch\u00e9mas non lin\u00e9aires, de s\u2019adapter \u00e0 l\u2019\u00e9volution constante des dynamiques de march\u00e9 et de d\u00e9tecter certains signaux souvent ignor\u00e9s par les approches conventionnelles.<\/strong><\/p>\n<\/div>\n\t\t\t\t\t<\/li>\n\t\t\t\t\t\t\t\t\t<li class=\"investment-card\" data-observer=\"appear\">\n\t\t\t\t\t\t<h3 class=\"h5\">Recherche fondamentale<\/h3>\n\t\t\t\t\t\t<div class=\"body-xs richtext\"><p>Nous nous appuyons sur la plateforme de recherche fondamentale reconnue de Kepler Cheuvreux, port\u00e9e par 130 analystes r\u00e9partis dans 14 bureaux \u00e0 travers le monde.<\/p>\n<p><strong>En int\u00e9grant cette expertise humaine approfondie \u00e0 nos techniques de machine learning, nous allions la pr\u00e9cision analytique des donn\u00e9es \u00e0 une compr\u00e9hension contextuelle fine. Cela nous permet d\u2019identifier des opportunit\u00e9s d\u2019investissement diff\u00e9renci\u00e9es et d\u2019accro\u00eetre le potentiel de performance.<\/strong><\/p>\n<\/div>\n\t\t\t\t\t<\/li>\n\t\t\t\t\t\t\t\t\t<li class=\"investment-card\" data-observer=\"appear\">\n\t\t\t\t\t\t<h3 class=\"h5\">Gestion du risque<\/h3>\n\t\t\t\t\t\t<div class=\"body-xs richtext\"><p>Nous identifions et analysons les risques gr\u00e2ce \u00e0 des mod\u00e8les quantitatifs avanc\u00e9s, int\u00e9grant l\u2019analyse des prix des actions, des indicateurs macro\u00e9conomiques top-down ainsi que l\u2019analyse fondamentale.<\/p>\n<p><strong>Cette approche robuste et multi-couches renforce la r\u00e9silience de nos portefeuilles, offrant des caract\u00e9ristiques de protection du capital et un comportement coh\u00e9rent \u00e0 travers les diff\u00e9rents r\u00e9gimes de march\u00e9.<\/strong><\/p>\n<\/div>\n\t\t\t\t\t<\/li>\n\t\t\t\t\t\t\t\t\t<li class=\"investment-card\" data-observer=\"appear\">\n\t\t\t\t\t\t<h3 class=\"h5\">Dimension internationale, expertise locale<\/h3>\n\t\t\t\t\t\t<div class=\"body-xs richtext\"><p>Kepler Unigestion s\u2019appuie sur la pr\u00e9sence multi-locale de Kepler Cheuvreux, sur sa plateforme de recherche unique, ainsi que sur un accompagnement sur mesure de ses clients.<\/p>\n<p><strong>Gr\u00e2ce \u00e0 des \u00e9quipes implant\u00e9es dans les principaux centres financiers en Europe, aux \u00c9tats-Unis et au Moyen-Orient, nous mettons \u00e0 disposition de nos clients une intelligence de march\u00e9 locale et une compr\u00e9hension fine des dynamiques r\u00e9gionales, garantissant une parfaite ad\u00e9quation avec l\u2019\u00e9volution de leurs besoins.<\/strong><\/p>\n<\/div>\n\t\t\t\t\t<\/li>\n\t\t\t\t\t\t\t<\/ul>\n\t\t<\/div>\n\t<\/section>\n\n\n\n\n                        \n\t<section class=\"research spacing-xl \" id=\"block_36c7ee158e4d19b2d8ab25c9bf9ad9f4\">\n\t\t<div class=\"research-inner grid-md\">\n\t\t\t<div class=\"research-head\">\n                <h2 class=\"research-title title-underline\" data-observer=\"appear\">\n                    Ax\u00e9 sur la recherche\n                <\/h2>\n                <p class=\"body-xl\" data-observer=\"appear\">\n                    Nous identifions activement les risques et les opportunit\u00e9s gr\u00e2ce \u00e0 une analyse approfondie des titres, des secteurs, des pays et des th\u00e9matiques.\n                <\/p>\n\t\t\t<\/div>\n                            <div class=\"research-content body richtext\" data-observer=\"appear\">\n                    <p>Notre approche associe mod\u00e8les quantitatifs et analyse qualitative, offrant une vision prospective qui permet de pallier les limites inh\u00e9rentes aux m\u00e9thodes purement quantitatives.<br \/>Nous capitalisons sur les forces de recherche compl\u00e9mentaires d\u2019Unigestion et de Kepler Cheuvreux, en r\u00e9unissant trois d\u00e9cennies d\u2019expertise de pointe avec une plateforme de recherche leader sur le march\u00e9.<\/p>\n<p style=\"color: white;\">Pour en savoir plus, n\u2019h\u00e9sitez pas \u00e0 nous contacter \u00e0 l\u2019adresse suivante\u202f:<br \/>\n<a style=\"color: white;\" href=\"mailto:clientrelations@keplerunigestion.com\"><br \/>\nclientrelations@keplerunigestion.com<br \/>\n<\/a><\/p>\n\n                <\/div>\n            \t\t<\/div>\n\t<\/section>\n\n\n\n\n\n\n                        \n\t<section class=\"responsible spacing-xl \" id=\"responsible-investment\">\n\t\t<div class=\"responsible-inner grid-md\">\n\t\t\t<div class=\"responsible-content\">\n\t\t\t\t<h2 class=\"responsible-title title-underline\" data-observer=\"appear\">\n\t\t\t\t\tInvestissement responsable\n\t\t\t\t<\/h2>\n                                    <div class=\"responsible-text body richtext\" data-observer=\"appear\">\n                        <p>Notre processus de gestion des risques \u00e0 360 degr\u00e9s vise \u00e0 identifier toutes les dimensions de risque, y compris les facteurs ESG, qui peuvent influencer de mani\u00e8re significative le profil de risque d\u2019une entreprise. Nous int\u00e9grons une approche structur\u00e9e en quatre piliers pour \u00e9valuer les risques et opportunit\u00e9s ESG dans notre processus d\u2019investissement\u202f: filtrage normatif, filtrage exclusif, lignes directrices ESG et actionnariat actif.<\/p>\n\n                    <\/div>\n                                \t\t\t<\/div>\n\t\t<\/div>\n\n                    <figure class=\"responsible-background\" data-observer=\"appear\">\n                <img decoding=\"async\" class=\"img sm-min\" src=\"https:\/\/www.keplerunigestion.com\/app\/uploads\/2025\/04\/image-1.jpg\" srcset=\"https:\/\/www.keplerunigestion.com\/app\/uploads\/2025\/04\/image-1.jpg 720w, https:\/\/www.keplerunigestion.com\/app\/uploads\/2025\/04\/image-1-300x271.jpg 300w\" sizes=\"(max-width: 720px) 100vw, 720px\" alt=\"\" loading=\"lazy\">\n                <img decoding=\"async\" class=\"img sm-max\" src=\"https:\/\/www.keplerunigestion.com\/app\/uploads\/2025\/04\/image-1.jpg\" srcset=\"https:\/\/www.keplerunigestion.com\/app\/uploads\/2025\/04\/image-1.jpg 720w, https:\/\/www.keplerunigestion.com\/app\/uploads\/2025\/04\/image-1-300x271.jpg 300w\" sizes=\"(max-width: 720px) 100vw, 720px\" alt=\"\" loading=\"lazy\">\n            <\/figure>\n        \t<\/section>\n\n\n\n\n                        \n\t<section class=\"team \" id=\"our-team\">\n\t\t<div class=\"team-inner grid-lg\">\n\t\t\t<div class=\"team-content\">\n\t\t\t\t<h2 class=\"team-title title-underline\" data-observer=\"appear\">\n\t\t\t\t\tNotre \u00e9quipe\n\t\t\t\t<\/h2>\n                                    <div class=\"body richtext\" data-observer=\"appear\">\n                        <p>Notre \u00e9quipe exp\u00e9riment\u00e9e a affin\u00e9 son expertise des march\u00e9s financiers au fil des d\u00e9cennies, en traversant diff\u00e9rents cycles et en apportant une compr\u00e9hension approfondie des tendances macro\u00e9conomiques et g\u00e9opolitiques \u00e0 notre processus d\u2019investissement.<br \/>Nous mettons ce savoir au service de l\u2019ensemble de nos portefeuilles, en associant analyses quantitatives et expertise fondamentale, afin de g\u00e9n\u00e9rer des rendements attractifs pour nos clients.<\/p>\n\n                    <\/div>\n                \t\t\t<\/div>\n\t\t<\/div>\n\n\t\t<div class=\"team-background\" data-observer=\"appear\">\n\t\t\t<img decoding=\"async\" class=\"img sm-min\" src=\"https:\/\/www.keplerunigestion.com\/app\/uploads\/2025\/04\/image-2.jpg\" srcset=\"https:\/\/www.keplerunigestion.com\/app\/uploads\/2025\/04\/image-2.jpg 1440w, https:\/\/www.keplerunigestion.com\/app\/uploads\/2025\/04\/image-2-300x135.jpg 300w, https:\/\/www.keplerunigestion.com\/app\/uploads\/2025\/04\/image-2-1024x462.jpg 1024w, https:\/\/www.keplerunigestion.com\/app\/uploads\/2025\/04\/image-2-768x347.jpg 768w\" sizes=\"(max-width: 1440px) 100vw, 1440px\" alt=\"\" loading=\"lazy\">\n\t\t\t<img decoding=\"async\" class=\"img sm-max\" src=\"https:\/\/www.keplerunigestion.com\/app\/uploads\/2025\/05\/cf77e6d0d90982c419ac180f4c94454cfa355550-960x858.webp\" srcset=\"https:\/\/www.keplerunigestion.com\/app\/uploads\/2025\/05\/cf77e6d0d90982c419ac180f4c94454cfa355550-960x858.webp 960w, https:\/\/www.keplerunigestion.com\/app\/uploads\/2025\/05\/cf77e6d0d90982c419ac180f4c94454cfa355550-300x268.webp 300w, https:\/\/www.keplerunigestion.com\/app\/uploads\/2025\/05\/cf77e6d0d90982c419ac180f4c94454cfa355550-1024x915.webp 1024w, https:\/\/www.keplerunigestion.com\/app\/uploads\/2025\/05\/cf77e6d0d90982c419ac180f4c94454cfa355550-768x686.webp 768w, https:\/\/www.keplerunigestion.com\/app\/uploads\/2025\/05\/cf77e6d0d90982c419ac180f4c94454cfa355550.webp 1328w\" sizes=\"(max-width: 960px) 100vw, 960px\" alt=\"\" loading=\"lazy\">\n\t\t<\/div>\n\t<\/section>\n","protected":false},"excerpt":{"rendered":"","protected":false},"author":1,"featured_media":0,"parent":0,"menu_order":0,"comment_status":"closed","ping_status":"closed","template":"","meta":{"_acf_changed":false,"footnotes":""},"profile":[],"class_list":["post-1676","page","type-page","status-publish","hentry"],"acf":[],"yoast_head":"<!-- This site is optimized with the Yoast SEO plugin v24.9 - https:\/\/yoast.com\/wordpress\/plugins\/seo\/ -->\n<title>Homepage FR - Kepler Unigestion | Mind &amp; Machine<\/title>\n<meta name=\"robots\" content=\"index, follow, max-snippet:-1, max-image-preview:large, max-video-preview:-1\" \/>\n<link rel=\"canonical\" href=\"https:\/\/www.keplerunigestion.com\/fr\/\" \/>\n<meta property=\"og:locale\" content=\"fr_FR\" \/>\n<meta property=\"og:type\" content=\"article\" \/>\n<meta property=\"og:title\" content=\"Homepage FR - Kepler Unigestion | Mind &amp; Machine\" \/>\n<meta property=\"og:url\" content=\"https:\/\/www.keplerunigestion.com\/fr\/\" \/>\n<meta property=\"og:site_name\" content=\"Kepler Unigestion | Mind &amp; Machine\" \/>\n<meta property=\"article:modified_time\" content=\"2026-02-17T15:35:37+00:00\" \/>\n<meta name=\"twitter:card\" content=\"summary_large_image\" \/>\n<script type=\"application\/ld+json\" class=\"yoast-schema-graph\">{\"@context\":\"https:\/\/schema.org\",\"@graph\":[{\"@type\":\"WebPage\",\"@id\":\"https:\/\/www.keplerunigestion.com\/fr\/\",\"url\":\"https:\/\/www.keplerunigestion.com\/fr\/\",\"name\":\"Homepage FR - Kepler Unigestion | Mind &amp; Machine\",\"isPartOf\":{\"@id\":\"https:\/\/www.keplerunigestion.com\/fr\/#website\"},\"datePublished\":\"2025-04-24T09:19:29+00:00\",\"dateModified\":\"2026-02-17T15:35:37+00:00\",\"breadcrumb\":{\"@id\":\"https:\/\/www.keplerunigestion.com\/fr\/#breadcrumb\"},\"inLanguage\":\"fr-FR\",\"potentialAction\":[{\"@type\":\"ReadAction\",\"target\":[\"https:\/\/www.keplerunigestion.com\/fr\/\"]}]},{\"@type\":\"BreadcrumbList\",\"@id\":\"https:\/\/www.keplerunigestion.com\/fr\/#breadcrumb\",\"itemListElement\":[{\"@type\":\"ListItem\",\"position\":1,\"name\":\"Home\",\"item\":\"https:\/\/www.keplerunigestion.com\/fr\/\"},{\"@type\":\"ListItem\",\"position\":2,\"name\":\"Homepage FR\"}]},{\"@type\":\"WebSite\",\"@id\":\"https:\/\/www.keplerunigestion.com\/fr\/#website\",\"url\":\"https:\/\/www.keplerunigestion.com\/fr\/\",\"name\":\"Kepler Unigestion | Mind &amp; Machine\",\"description\":\"\",\"potentialAction\":[{\"@type\":\"SearchAction\",\"target\":{\"@type\":\"EntryPoint\",\"urlTemplate\":\"https:\/\/www.keplerunigestion.com\/fr\/?s={search_term_string}\"},\"query-input\":{\"@type\":\"PropertyValueSpecification\",\"valueRequired\":true,\"valueName\":\"search_term_string\"}}],\"inLanguage\":\"fr-FR\"}]}<\/script>\n<!-- \/ Yoast SEO plugin. -->","yoast_head_json":{"title":"Homepage FR - Kepler Unigestion | Mind &amp; Machine","robots":{"index":"index","follow":"follow","max-snippet":"max-snippet:-1","max-image-preview":"max-image-preview:large","max-video-preview":"max-video-preview:-1"},"canonical":"https:\/\/www.keplerunigestion.com\/fr\/","og_locale":"fr_FR","og_type":"article","og_title":"Homepage FR - Kepler Unigestion | Mind &amp; Machine","og_url":"https:\/\/www.keplerunigestion.com\/fr\/","og_site_name":"Kepler Unigestion | Mind &amp; Machine","article_modified_time":"2026-02-17T15:35:37+00:00","twitter_card":"summary_large_image","schema":{"@context":"https:\/\/schema.org","@graph":[{"@type":"WebPage","@id":"https:\/\/www.keplerunigestion.com\/fr\/","url":"https:\/\/www.keplerunigestion.com\/fr\/","name":"Homepage FR - Kepler Unigestion | Mind &amp; Machine","isPartOf":{"@id":"https:\/\/www.keplerunigestion.com\/fr\/#website"},"datePublished":"2025-04-24T09:19:29+00:00","dateModified":"2026-02-17T15:35:37+00:00","breadcrumb":{"@id":"https:\/\/www.keplerunigestion.com\/fr\/#breadcrumb"},"inLanguage":"fr-FR","potentialAction":[{"@type":"ReadAction","target":["https:\/\/www.keplerunigestion.com\/fr\/"]}]},{"@type":"BreadcrumbList","@id":"https:\/\/www.keplerunigestion.com\/fr\/#breadcrumb","itemListElement":[{"@type":"ListItem","position":1,"name":"Home","item":"https:\/\/www.keplerunigestion.com\/fr\/"},{"@type":"ListItem","position":2,"name":"Homepage FR"}]},{"@type":"WebSite","@id":"https:\/\/www.keplerunigestion.com\/fr\/#website","url":"https:\/\/www.keplerunigestion.com\/fr\/","name":"Kepler Unigestion | Mind &amp; Machine","description":"","potentialAction":[{"@type":"SearchAction","target":{"@type":"EntryPoint","urlTemplate":"https:\/\/www.keplerunigestion.com\/fr\/?s={search_term_string}"},"query-input":{"@type":"PropertyValueSpecification","valueRequired":true,"valueName":"search_term_string"}}],"inLanguage":"fr-FR"}]}},"_links":{"self":[{"href":"https:\/\/www.keplerunigestion.com\/fr\/wp-json\/wp\/v2\/pages\/1676","targetHints":{"allow":["GET"]}}],"collection":[{"href":"https:\/\/www.keplerunigestion.com\/fr\/wp-json\/wp\/v2\/pages"}],"about":[{"href":"https:\/\/www.keplerunigestion.com\/fr\/wp-json\/wp\/v2\/types\/page"}],"author":[{"embeddable":true,"href":"https:\/\/www.keplerunigestion.com\/fr\/wp-json\/wp\/v2\/users\/1"}],"replies":[{"embeddable":true,"href":"https:\/\/www.keplerunigestion.com\/fr\/wp-json\/wp\/v2\/comments?post=1676"}],"version-history":[{"count":26,"href":"https:\/\/www.keplerunigestion.com\/fr\/wp-json\/wp\/v2\/pages\/1676\/revisions"}],"predecessor-version":[{"id":4291,"href":"https:\/\/www.keplerunigestion.com\/fr\/wp-json\/wp\/v2\/pages\/1676\/revisions\/4291"}],"wp:attachment":[{"href":"https:\/\/www.keplerunigestion.com\/fr\/wp-json\/wp\/v2\/media?parent=1676"}],"wp:term":[{"taxonomy":"profile","embeddable":true,"href":"https:\/\/www.keplerunigestion.com\/fr\/wp-json\/wp\/v2\/profile?post=1676"}],"curies":[{"name":"wp","href":"https:\/\/api.w.org\/{rel}","templated":true}]}}